{"id":122,"date":"2015-02-20T19:25:37","date_gmt":"2015-02-20T19:25:37","guid":{"rendered":"https:\/\/votrepsylaval.com\/?page_id=122"},"modified":"2015-02-20T19:43:32","modified_gmt":"2015-02-20T19:43:32","slug":"la-clinique","status":"publish","type":"page","link":"https:\/\/votrepsylaval.com\/fr\/","title":{"rendered":"La Clinique"},"content":{"rendered":"<p>\n\t&nbsp;<\/p>\n<div style=\"line-height: 20px; font-family: Georgia, Arial; font-size: 14px; font-style: normal; font-variant: normal;\">\n<div style=\"width: 640px; float: left;\">\n<p>\n\t\t\t<span style=\"font-family: georgia, serif;\"><span style=\"color: rgb(0, 0, 128);\"><strong>Votre Clinique de psychologie&nbsp;<\/strong><\/span>a \u00e9t\u00e9 cr\u00e9\u00e9e pour Vous, nos clients, les enfants, les adultes, les couples et les familles, pour vous offrir les services psychologiques de haute qualit\u00e9 dans un environnement accueillant, soutenant et confidentiel.<\/span><\/p>\n<p>\n\t\t\t<span style=\"font-family: georgia, serif;\"><span style=\"color: rgb(0, 0, 128);\"><strong>Votre Clinique de psychologie&nbsp;<\/strong><\/span>se compose d\u2019une \u00e9quipe de psychologues de niveau doctoral, tous membres de l\u2019Ordre des psychologues du Qu\u00e9bec, qui poss\u00e8de une formation et une exp\u00e9rience exceptionnelles dans les \u00e9valuations et la th\u00e9rapie, tous reconnus dans leur domaine d\u2019expertise ainsi que dans leur pratique publique et priv\u00e9e.<\/span><\/p>\n<p>\n\t\t\t<span style=\"font-family: georgia, serif;\"><span style=\"color: rgb(0, 0, 128);\"><strong>Votre Clinique de psychologie <\/strong><\/span>s\u2019engage \u00e0 maintenir une \u00e9quipe exceptionnelle, sensible et d\u00e9vou\u00e9e qui pratique selon les meilleures normes et lignes directrices du code d\u2019\u00e9thique de leur profession. Vous pouvez \u00eatre confiant, car vous \u00eates entre de bonnes mains.<\/span><\/p>\n<p style=\"text-align: center;\">\n\t\t\t&nbsp;<\/p>\n<\/p><\/div>\n<div style=\"width: 300px; text-align: center; float: left;\">\n\t\t<br \/>\n\t\t<img style=\"border-radius: 10px; width: 300px; height: 209px;\" src=\"https:\/\/votrepsylaval.com\/wp-content\/uploads\/2015\/02\/plant-hands.jpg\" alt=\"\"><\/div>\n<div style=\"clear: both;\">\n\t\t<span style=\"color: rgb(128, 0, 128);\"><em>&nbsp;&nbsp;&nbsp;&nbsp;&nbsp;&nbsp;&nbsp;&nbsp;&nbsp;&nbsp;&nbsp;&nbsp;&nbsp;&nbsp;&nbsp;&nbsp;&nbsp;&nbsp;&nbsp;&nbsp;&nbsp;<\/em><\/span><\/div>\n<\/div>\n<p style=\"text-align: center; line-height: 20px; font-family: Georgia, Arial; font-size: 14px; font-style: normal; font-variant: normal;\">\n\t<strong style=\"font-size: 14px;\"><em><font color=\"#000080\">Votre Clinique de psychologie<\/font><\/em><\/strong><\/p>\n<p style=\"text-align: center; line-height: 20px; font-family: Georgia, Arial; font-size: 14px; font-style: normal; font-variant: normal;\">\n\t<em><strong><span style=\"color: rgb(0, 0, 128);\">pour<\/span><\/strong><\/em><\/p>\n<p style=\"text-align: center; line-height: 20px; font-family: Georgia, Arial; font-size: 14px; font-style: normal; font-variant: normal;\">\n\t<em><strong><span style=\"color: rgb(0, 0, 128);\">Vous, vos enfants, votre famille&#8230; votre bonheur<\/span><\/strong><\/em><\/p>\n<p style=\"text-align: center; line-height: 20px; font-family: Georgia, Arial; font-size: 14px; font-style: normal; font-variant: normal;\">\n\t<img style=\"border-radius: 10px; width: 600px; height: 274px;\" src=\"https:\/\/votrepsylaval.com\/wp-content\/uploads\/2015\/02\/photo-bottom-home.jpg\" alt=\"\"><\/p>\n","protected":false},"excerpt":{"rendered":"<p>&nbsp; Votre Clinique de psychologie&nbsp;a \u00e9t\u00e9 cr\u00e9\u00e9e pour Vous, nos clients, les enfants, les adultes, les couples et les familles, pour vous offrir les services psychologiques de haute qualit\u00e9 dans un environnement accueillant, soutenant et confidentiel. Votre Clinique de psychologie&nbsp;se compose d\u2019une \u00e9quipe de psychologues de niveau doctoral, tous membres de l\u2019Ordre des psychologues du &hellip; <a href=\"https:\/\/votrepsylaval.com\/fr\/\" class=\"more-link\">Continuer la lecture de <span class=\"screen-reader-text\">La Clinique<\/span><\/a><\/p>\n","protected":false},"author":1,"featured_media":0,"parent":0,"menu_order":0,"comment_status":"open","ping_status":"closed","template":"","meta":[],"_links":{"self":[{"href":"https:\/\/votrepsylaval.com\/fr\/wp-json\/wp\/v2\/pages\/122\/"}],"collection":[{"href":"https:\/\/votrepsylaval.com\/fr\/wp-json\/wp\/v2\/pages\/"}],"about":[{"href":"https:\/\/votrepsylaval.com\/fr\/wp-json\/wp\/v2\/types\/page\/"}],"author":[{"embeddable":true,"href":"https:\/\/votrepsylaval.com\/fr\/wp-json\/wp\/v2\/users\/1\/"}],"replies":[{"embeddable":true,"href":"https:\/\/votrepsylaval.com\/fr\/wp-json\/wp\/v2\/comments\/?post=122"}],"version-history":[{"count":3,"href":"https:\/\/votrepsylaval.com\/fr\/wp-json\/wp\/v2\/pages\/122\/revisions\/"}],"predecessor-version":[{"id":164,"href":"https:\/\/votrepsylaval.com\/fr\/wp-json\/wp\/v2\/pages\/122\/revisions\/164\/"}],"wp:attachment":[{"href":"https:\/\/votrepsylaval.com\/fr\/wp-json\/wp\/v2\/media\/?parent=122"}],"curies":[{"name":"wp","href":"https:\/\/api.w.org\/{rel}","templated":true}]}}